{"id":933,"date":"2012-04-15T14:39:53","date_gmt":"2012-04-15T12:39:53","guid":{"rendered":"http:\/\/www.aurelia-ilvesheim.de\/blog\/?page_id=933"},"modified":"2018-05-13T15:40:39","modified_gmt":"2018-05-13T13:40:39","slug":"kontakt","status":"publish","type":"page","link":"https:\/\/www.aurelia-ilvesheim.de\/blog\/kontakt\/","title":{"rendered":"Kontakt"},"content":{"rendered":"\n\n<!-- Fast Secure Contact Form plugin 4.0.52 - begin - FastSecureContactForm.com -->\r\n<div style=\"clear:both;\"><\/div>\n<p>Ihre Fragen und Anmerkungen sind jederzeit willkommen. Bitte schreiben Sie und eine Nachricht, wir werden uns schnellstm\u00f6glich mit Ihnen in Verbindung setzen.<\/p>\r\n<p>Ihre Daten werden ausschlie\u00dflich f\u00fcr die Bearbeitung und Beantwortung Ihres Anliegens gespeichert und anschlie\u00dfend gel\u00f6scht. Weitere Hinweise zum Umgang mit pers\u00f6nlichen Daten finden Sie in der <a href=\"\/blog\/datenschutzerklaerung\/\">Datenschutzerkl\u00e4rung<\/a>.<\/p>\r\n<div id=\"FSContact1\" style=\"width:700px;\">\r\n<form action=\"https:\/\/www.aurelia-ilvesheim.de\/blog\/wp-json\/wp\/v2\/pages\/933#FSContact1\" id=\"fscf_form1\" method=\"post\">\r\n\n<div id=\"fscf_div_clear1_0\" style=\"clear:both;\">\n  <div id=\"fscf_div_field1_0\" style=\"clear:left; float:left; width:99%; max-width:650px; margin-right:10px;\">\r\n    <div style=\"width:200px; text-align:right; float:left; clear:left; padding-top:8px; padding-right:10px;\">\n      <label style=\"text-align:left;\" for=\"fscf_name1\">Ihr Name:<\/label>\n    <\/div>\r\n    <div style=\"text-align:left; float:left; padding-top:10px;\">\r\n      <input style=\"text-align:left; float:left; padding:2px; margin:0; width:400px;\" type=\"text\" id=\"fscf_name1\" name=\"full_name\" value=\"\"  readonly=\"readonly\" \/>\r\n    <\/div>\r\n  <\/div>\n<\/div>\n\n<div id=\"fscf_div_clear1_1\" style=\"clear:both;\">\n  <div id=\"fscf_div_field1_1\" style=\"clear:left; float:left; width:99%; max-width:650px; margin-right:10px;\">\n    <div style=\"width:200px; text-align:right; float:left; clear:left; padding-top:8px; padding-right:10px;\">\n      <label style=\"text-align:left;\" for=\"fscf_email1\">Ihre E-Mail-Adresse:<\/label>\n    <\/div>\n    <div style=\"text-align:left; float:left; padding-top:10px;\">\n      <input style=\"text-align:left; float:left; padding:2px; margin:0; width:400px;\" type=\"text\" id=\"fscf_email1\" name=\"email\" value=\"\"  readonly=\"readonly\" \/>\n    <\/div>\n  <\/div>\n<\/div>\n\n<div id=\"fscf_div_clear1_3\" style=\"clear:both;\">\n  <div id=\"fscf_div_field1_3\" style=\"clear:left; float:left; width:99%; max-width:650px; margin-right:10px;\">\n    <div style=\"width:200px; text-align:right; float:left; clear:left; padding-top:8px; padding-right:10px;\">\n      <label style=\"text-align:left;\" for=\"fscf_field1_3\">Ihre Nachricht:<\/label>\n    <\/div>\n    <div style=\"text-align:left; float:left; padding-top:10px;\">\n      <textarea style=\"text-align:left; margin:0; max-width:400px; width:400px; height:200px;\" id=\"fscf_field1_3\" name=\"message\" cols=\"30\" rows=\"10\" ><\/textarea>\n    <\/div>\n  <\/div>\n<\/div>\r\n<div style=\"clear:both;\"><\/div>\n\n<div style=\"width:200px; text-align:right; float:left; clear:left; padding-top:8px; padding-right:10px;\">\n<\/div>\n<div id=\"fscf_recaptcha1\"><\/div>\n\n<div id=\"fscf_submit_div1\" style=\"padding-top:30px; padding-bottom:20px; padding-left:200px; text-align:left; float:left; clear:left;\">\r\n\t\t<input type=\"submit\" id=\"fscf_submit1\" style=\"cursor:pointer; margin:0;\" value=\"Nachricht senden\"  onclick=\"return confirm('M\u00f6chten Sie die E-Mail jetzt senden?')\" \/> \n<\/div>\n\n<input type=\"hidden\" name=\"fscf_submitted\" value=\"0\" \/>\n<input type=\"hidden\" name=\"fs_postonce_1\" value=\"2797d10dbcb1636e5f70e50f791cb127,1775334465\" \/>\n<input type=\"hidden\" name=\"si_contact_action\" value=\"send\" \/>\n<input type=\"hidden\" name=\"form_id\" value=\"1\" \/>\n<input type=\"hidden\" name=\"mailto_id\" value=\"1\" \/>\n\n<\/form>\n<\/div>\r\n<div style=\"clear:both;\"><\/div>\n\n<!-- Fast Secure Contact Form plugin 4.0.52 - end - FastSecureContactForm.com -->\n\n","protected":false},"excerpt":{"rendered":"","protected":false},"author":2,"featured_media":0,"parent":0,"menu_order":7,"comment_status":"closed","ping_status":"open","template":"","meta":{"_monsterinsights_skip_tracking":false,"_monsterinsights_sitenote_active":false,"_monsterinsights_sitenote_note":"","_monsterinsights_sitenote_category":0,"ngg_post_thumbnail":0,"footnotes":""},"class_list":["post-933","page","type-page","status-publish","hentry","nodate","item-wrap"],"_links":{"self":[{"href":"https:\/\/www.aurelia-ilvesheim.de\/blog\/wp-json\/wp\/v2\/pages\/933","targetHints":{"allow":["GET"]}}],"collection":[{"href":"https:\/\/www.aurelia-ilvesheim.de\/blog\/wp-json\/wp\/v2\/pages"}],"about":[{"href":"https:\/\/www.aurelia-ilvesheim.de\/blog\/wp-json\/wp\/v2\/types\/page"}],"author":[{"embeddable":true,"href":"https:\/\/www.aurelia-ilvesheim.de\/blog\/wp-json\/wp\/v2\/users\/2"}],"replies":[{"embeddable":true,"href":"https:\/\/www.aurelia-ilvesheim.de\/blog\/wp-json\/wp\/v2\/comments?post=933"}],"version-history":[{"count":3,"href":"https:\/\/www.aurelia-ilvesheim.de\/blog\/wp-json\/wp\/v2\/pages\/933\/revisions"}],"predecessor-version":[{"id":2303,"href":"https:\/\/www.aurelia-ilvesheim.de\/blog\/wp-json\/wp\/v2\/pages\/933\/revisions\/2303"}],"wp:attachment":[{"href":"https:\/\/www.aurelia-ilvesheim.de\/blog\/wp-json\/wp\/v2\/media?parent=933"}],"curies":[{"name":"wp","href":"https:\/\/api.w.org\/{rel}","templated":true}]}}