{"id":782,"date":"2012-04-05T12:31:22","date_gmt":"2012-04-05T10:31:22","guid":{"rendered":"http:\/\/aurelia-ilvesheim.de\/blog\/?page_id=782"},"modified":"2025-01-05T10:52:53","modified_gmt":"2025-01-05T09:52:53","slug":"chorproben","status":"publish","type":"page","link":"https:\/\/www.aurelia-ilvesheim.de\/blog\/termine\/chorproben\/","title":{"rendered":"Chorproben"},"content":{"rendered":"<h3>Frauenchor<\/h3>\n<table width=600><tr>\r\n<td width=200>\r\n<p><i>10. April 2026 17:30<\/i><\/p>\r\n<\/td>\r\n<td>\r\n<p><strong>Chorprobe Frauen<\/strong><\/p>\r\n<\/td>\r\n<\/tr><tr>\r\n<td width=200>\r\n<p><i>24. April 2026 17:30<\/i><\/p>\r\n<\/td>\r\n<td>\r\n<p><strong>Chorprobe Frauen<\/strong><\/p>\r\n<\/td>\r\n<\/tr><\/table>\n<p><span style=\"color: inherit; font-family: inherit; font-size: 24px; font-weight: bold;\">M\u00e4nnerchor<\/span><\/p>\n<table width=600><tr>\r\n<td width=200>\r\n<p><i>30. Januar 2026 19:00<\/i><\/p>\r\n<\/td>\r\n<td>\r\n<p><strong>Chorprobe M\u00e4nner<\/strong><\/p>\r\n<\/td>\r\n<\/tr><tr>\r\n<td width=200>\r\n<p><i>10. April 2026 19:10<\/i><\/p>\r\n<\/td>\r\n<td>\r\n<p><strong>M\u00e4nnerch\u00f6re<\/strong><\/p>\r\n<\/td>\r\n<\/tr><tr>\r\n<td width=200>\r\n<p><i>24. April 2026 19:10<\/i><\/p>\r\n<\/td>\r\n<td>\r\n<p><strong>M\u00e4nnerch\u00f6re<\/strong><\/p>\r\n<\/td>\r\n<\/tr><\/table>\n<h3>Gemischter Chor<\/h3>\n<table width=600><tr>\r\n<td width=200>\r\n<p><i>06. M\u00e4rz 2026 17:10<\/i><\/p>\r\n<\/td>\r\n<td>\r\n<p><strong>gemischter Chor<\/strong><\/p>\r\n<\/td>\r\n<\/tr><tr>\r\n<td width=200>\r\n<p><i>13. M\u00e4rz 2026 17:10<\/i><\/p>\r\n<\/td>\r\n<td>\r\n<p><strong>gemischter Chor<\/strong><\/p>\r\n<\/td>\r\n<\/tr><tr>\r\n<td width=200>\r\n<p><i>27. M\u00e4rz 2026 17:10<\/i><\/p>\r\n<\/td>\r\n<td>\r\n<p><strong>gemischter Chor<\/strong><\/p>\r\n<\/td>\r\n<\/tr><tr>\r\n<td width=200>\r\n<p><i>17. April 2026 17:10<\/i><\/p>\r\n<\/td>\r\n<td>\r\n<p><strong>gemischter Chor<\/strong><\/p>\r\n<\/td>\r\n<\/tr><\/table>\n<h3>Happy Singers<\/h3>\n<table width=\"600\">\n<tbody>\n<tr>\n<td>jeden Mittwoch:18.00 Uhr<\/td>\n<\/tr>\n<\/tbody>\n<\/table>\n<h3>Flora Voices<\/h3>\n<table width=600><tr>\r\n<td width=200>\r\n<p><i>13. April 2026 19:30<\/i><\/p>\r\n<\/td>\r\n<td>\r\n<p><strong>Chorprobe Voices<\/strong><\/p>\r\n<\/td>\r\n<\/tr><tr>\r\n<td width=200>\r\n<p><i>27. April 2026 19:30<\/i><\/p>\r\n<\/td>\r\n<td>\r\n<p><strong>Chorprobe Voices<\/strong><\/p>\r\n<\/td>\r\n<\/tr><\/table>\n<p>14-t\u00e4tig Montags 19:30 bis&nbsp; 21.00 Uhr und nach Absprache<\/p>\n<h3>Probenlokal<\/h3>\n<table width=\"600\">\n<tbody>\n<tr>\n<td><strong>S\u00e4ngerheim des MGV Aurelia, Kanzelbachstra\u00dfe 34 in Ilvesheim <\/strong><a href=\"https:\/\/goo.gl\/maps\/xFhrUTU92dwxs4dk9\" target=\"_blank\" rel=\"noopener\">(Google Maps)<\/a><\/td>\n<\/tr>\n<\/tbody>\n<\/table>\n<p>&nbsp;<\/p>\n","protected":false},"excerpt":{"rendered":"<p>Frauenchor M\u00e4nnerchor Gemischter Chor Happy Singers jeden Mittwoch:18.00 Uhr Flora Voices 14-t\u00e4tig Montags 19:30 bis&nbsp; 21.00 Uhr und nach Absprache Probenlokal S\u00e4ngerheim des MGV Aurelia, Kanzelbachstra\u00dfe 34 in Ilvesheim (Google Maps) &nbsp;<\/p>\n","protected":false},"author":2,"featured_media":0,"parent":39,"menu_order":22,"comment_status":"closed","ping_status":"open","template":"","meta":{"_monsterinsights_skip_tracking":false,"_monsterinsights_sitenote_active":false,"_monsterinsights_sitenote_note":"","_monsterinsights_sitenote_category":0,"ngg_post_thumbnail":0,"footnotes":""},"class_list":["post-782","page","type-page","status-publish","hentry","nodate","item-wrap"],"_links":{"self":[{"href":"https:\/\/www.aurelia-ilvesheim.de\/blog\/wp-json\/wp\/v2\/pages\/782","targetHints":{"allow":["GET"]}}],"collection":[{"href":"https:\/\/www.aurelia-ilvesheim.de\/blog\/wp-json\/wp\/v2\/pages"}],"about":[{"href":"https:\/\/www.aurelia-ilvesheim.de\/blog\/wp-json\/wp\/v2\/types\/page"}],"author":[{"embeddable":true,"href":"https:\/\/www.aurelia-ilvesheim.de\/blog\/wp-json\/wp\/v2\/users\/2"}],"replies":[{"embeddable":true,"href":"https:\/\/www.aurelia-ilvesheim.de\/blog\/wp-json\/wp\/v2\/comments?post=782"}],"version-history":[{"count":10,"href":"https:\/\/www.aurelia-ilvesheim.de\/blog\/wp-json\/wp\/v2\/pages\/782\/revisions"}],"predecessor-version":[{"id":2759,"href":"https:\/\/www.aurelia-ilvesheim.de\/blog\/wp-json\/wp\/v2\/pages\/782\/revisions\/2759"}],"up":[{"embeddable":true,"href":"https:\/\/www.aurelia-ilvesheim.de\/blog\/wp-json\/wp\/v2\/pages\/39"}],"wp:attachment":[{"href":"https:\/\/www.aurelia-ilvesheim.de\/blog\/wp-json\/wp\/v2\/media?parent=782"}],"curies":[{"name":"wp","href":"https:\/\/api.w.org\/{rel}","templated":true}]}}