{"id":52,"date":"2010-05-01T16:13:26","date_gmt":"2010-05-01T14:13:26","guid":{"rendered":"http:\/\/aurelia-ilvesheim.de\/blog\/?page_id=52"},"modified":"2024-06-04T11:44:00","modified_gmt":"2024-06-04T09:44:00","slug":"happy-singers","status":"publish","type":"page","link":"https:\/\/www.aurelia-ilvesheim.de\/blog\/choere\/happy-singers\/","title":{"rendered":"Happy Singers"},"content":{"rendered":"<h3><a href=\"http:\/\/www.aurelia-ilvesheim.de\/blog\/wp-content\/uploads\/2010\/05\/HappySingers2015.jpg\"><img loading=\"lazy\" decoding=\"async\" class=\"alignright wp-image-1917 size-medium\" title=\"Happy Singers\" src=\"http:\/\/www.aurelia-ilvesheim.de\/blog\/wp-content\/uploads\/2010\/05\/HappySingers2015-300x200.jpg\" alt=\"\" width=\"300\" height=\"200\" srcset=\"https:\/\/www.aurelia-ilvesheim.de\/blog\/wp-content\/uploads\/2010\/05\/HappySingers2015-300x200.jpg 300w, https:\/\/www.aurelia-ilvesheim.de\/blog\/wp-content\/uploads\/2010\/05\/HappySingers2015-1024x683.jpg 1024w, https:\/\/www.aurelia-ilvesheim.de\/blog\/wp-content\/uploads\/2010\/05\/HappySingers2015.jpg 1600w\" sizes=\"auto, (max-width: 300px) 100vw, 300px\" \/><\/a>Chorleitung<\/h3>\n<p>Armin Seitz<\/p>\n<h3>Chorsprecher<\/h3>\n<p>Beate Bauer&nbsp;und Robert R\u00fcger<\/p>\n<h3>Gegr\u00fcndet<\/h3>\n<p>1994<\/p>\n<h3>Chormitglieder<\/h3>\n<p>28 aktive S\u00e4nger<\/p>\n<h3>Repertoire<\/h3>\n<p>von Klassik bis Pop &#8211; wie es Euch gef\u00e4llt!<\/p>\n\n\n<hr class=\"wp-block-separator has-alpha-channel-opacity\"\/>\n\n\n\n<p class=\"has-small-font-size\"><a href=\"https:\/\/www.aurelia-ilvesheim.de\/blog\/termine\/chorproben\/\" data-type=\"page\" data-id=\"782\">Zu den Terminen und Chorproben<\/a><\/p>\n","protected":false},"excerpt":{"rendered":"<p>Chorleitung Armin Seitz Chorsprecher Beate Bauer&nbsp;und Robert R\u00fcger Gegr\u00fcndet 1994 Chormitglieder 28 aktive S\u00e4nger Repertoire von Klassik bis Pop &#8211; wie es Euch gef\u00e4llt! Zu den Terminen und Chorproben<\/p>\n","protected":false},"author":1,"featured_media":0,"parent":43,"menu_order":34,"comment_status":"closed","ping_status":"open","template":"template-onecolumn.php","meta":{"_monsterinsights_skip_tracking":false,"_monsterinsights_sitenote_active":false,"_monsterinsights_sitenote_note":"","_monsterinsights_sitenote_category":0,"ngg_post_thumbnail":0,"footnotes":""},"class_list":["post-52","page","type-page","status-publish","hentry","nodate","item-wrap"],"_links":{"self":[{"href":"https:\/\/www.aurelia-ilvesheim.de\/blog\/wp-json\/wp\/v2\/pages\/52","targetHints":{"allow":["GET"]}}],"collection":[{"href":"https:\/\/www.aurelia-ilvesheim.de\/blog\/wp-json\/wp\/v2\/pages"}],"about":[{"href":"https:\/\/www.aurelia-ilvesheim.de\/blog\/wp-json\/wp\/v2\/types\/page"}],"author":[{"embeddable":true,"href":"https:\/\/www.aurelia-ilvesheim.de\/blog\/wp-json\/wp\/v2\/users\/1"}],"replies":[{"embeddable":true,"href":"https:\/\/www.aurelia-ilvesheim.de\/blog\/wp-json\/wp\/v2\/comments?post=52"}],"version-history":[{"count":9,"href":"https:\/\/www.aurelia-ilvesheim.de\/blog\/wp-json\/wp\/v2\/pages\/52\/revisions"}],"predecessor-version":[{"id":2749,"href":"https:\/\/www.aurelia-ilvesheim.de\/blog\/wp-json\/wp\/v2\/pages\/52\/revisions\/2749"}],"up":[{"embeddable":true,"href":"https:\/\/www.aurelia-ilvesheim.de\/blog\/wp-json\/wp\/v2\/pages\/43"}],"wp:attachment":[{"href":"https:\/\/www.aurelia-ilvesheim.de\/blog\/wp-json\/wp\/v2\/media?parent=52"}],"curies":[{"name":"wp","href":"https:\/\/api.w.org\/{rel}","templated":true}]}}