{"id":48,"date":"2010-05-01T16:12:35","date_gmt":"2010-05-01T14:12:35","guid":{"rendered":"http:\/\/aurelia-ilvesheim.de\/blog\/?page_id=48"},"modified":"2023-08-09T10:52:00","modified_gmt":"2023-08-09T08:52:00","slug":"frauenchor","status":"publish","type":"page","link":"https:\/\/www.aurelia-ilvesheim.de\/blog\/choere\/frauenchor\/","title":{"rendered":"Frauenchor"},"content":{"rendered":"<h3><a href=\"http:\/\/www.aurelia-ilvesheim.de\/blog\/wp-content\/uploads\/2010\/05\/DSCF2033-Kopie.jpg\"><img decoding=\"async\" class=\"alignright size-medium wp-image-134\" title=\"frauenchor\" src=\"http:\/\/www.aurelia-ilvesheim.de\/blog\/wp-content\/uploads\/2010\/05\/DSCF2033-Kopie.jpg\" alt=\"\" width=\"450\"\/><\/a>Chorleitung<\/h3>\n<p>Peter Imhof<\/p>\n<h3>Chorsprecher<\/h3>\n<p>Doris Heller-Kieser&nbsp;und Christiane Lohnert<\/p>\n<h3>Gegr\u00fcndet<\/h3>\n<p>27.02.1985 (mit 33 S\u00e4ngerinnen)<\/p>\n<h3>Chormitglieder<\/h3>\n<p>17 aktive S\u00e4ngerinnen<\/p>\n<h3>Repertoire<\/h3>\n<p>klassische&nbsp;bis moderne Chorliteratur<\/p>\n\n\n<hr class=\"wp-block-separator has-alpha-channel-opacity\"\/>\n\n\n\n<p class=\"has-small-font-size\"><a href=\"https:\/\/www.aurelia-ilvesheim.de\/blog\/termine\/chorproben\/\" data-type=\"page\" data-id=\"782\">Zu den Terminen und Chorproben<\/a><\/p>\n","protected":false},"excerpt":{"rendered":"<p>Chorleitung Peter Imhof Chorsprecher Doris Heller-Kieser&nbsp;und Christiane Lohnert Gegr\u00fcndet 27.02.1985 (mit 33 S\u00e4ngerinnen) Chormitglieder 17 aktive S\u00e4ngerinnen Repertoire klassische&nbsp;bis moderne Chorliteratur Zu den Terminen und Chorproben<\/p>\n","protected":false},"author":1,"featured_media":0,"parent":43,"menu_order":32,"comment_status":"closed","ping_status":"open","template":"template-onecolumn.php","meta":{"_monsterinsights_skip_tracking":false,"_monsterinsights_sitenote_active":false,"_monsterinsights_sitenote_note":"","_monsterinsights_sitenote_category":0,"ngg_post_thumbnail":0,"footnotes":""},"class_list":["post-48","page","type-page","status-publish","hentry","nodate","item-wrap"],"_links":{"self":[{"href":"https:\/\/www.aurelia-ilvesheim.de\/blog\/wp-json\/wp\/v2\/pages\/48","targetHints":{"allow":["GET"]}}],"collection":[{"href":"https:\/\/www.aurelia-ilvesheim.de\/blog\/wp-json\/wp\/v2\/pages"}],"about":[{"href":"https:\/\/www.aurelia-ilvesheim.de\/blog\/wp-json\/wp\/v2\/types\/page"}],"author":[{"embeddable":true,"href":"https:\/\/www.aurelia-ilvesheim.de\/blog\/wp-json\/wp\/v2\/users\/1"}],"replies":[{"embeddable":true,"href":"https:\/\/www.aurelia-ilvesheim.de\/blog\/wp-json\/wp\/v2\/comments?post=48"}],"version-history":[{"count":10,"href":"https:\/\/www.aurelia-ilvesheim.de\/blog\/wp-json\/wp\/v2\/pages\/48\/revisions"}],"predecessor-version":[{"id":2685,"href":"https:\/\/www.aurelia-ilvesheim.de\/blog\/wp-json\/wp\/v2\/pages\/48\/revisions\/2685"}],"up":[{"embeddable":true,"href":"https:\/\/www.aurelia-ilvesheim.de\/blog\/wp-json\/wp\/v2\/pages\/43"}],"wp:attachment":[{"href":"https:\/\/www.aurelia-ilvesheim.de\/blog\/wp-json\/wp\/v2\/media?parent=48"}],"curies":[{"name":"wp","href":"https:\/\/api.w.org\/{rel}","templated":true}]}}