{"id":2678,"date":"2023-08-09T09:29:54","date_gmt":"2023-08-09T07:29:54","guid":{"rendered":"https:\/\/www.aurelia-ilvesheim.de\/blog\/?page_id=2678"},"modified":"2023-08-09T10:50:43","modified_gmt":"2023-08-09T08:50:43","slug":"flora-voices","status":"publish","type":"page","link":"https:\/\/www.aurelia-ilvesheim.de\/blog\/choere\/flora-voices\/","title":{"rendered":"Flora Voices"},"content":{"rendered":"\n<h3 class=\"wp-block-heading\"><a href=\"http:\/\/www.aurelia-ilvesheim.de\/blog\/wp-content\/uploads\/2018\/10\/maennerchor.jpg\"><\/a>Chorleitung<\/h3>\n\n\n\n<p>Peter Imhof<\/p>\n\n\n\n<h3 class=\"wp-block-heading\">Chorsprecher<\/h3>\n\n\n\n<p>Gernot Herweh<\/p>\n\n\n\n<h3 class=\"wp-block-heading\">Gegr\u00fcndet<\/h3>\n\n\n\n<p>in MA-K\u00e4fertal &#8211; GV Flora K\u00e4fertal,<br \/>nach deren Aufl\u00f6sung seit 2019 beim MGV Aurelia<\/p>\n\n\n\n<h3 class=\"wp-block-heading\">Chormitglieder<\/h3>\n\n\n\n<p>29 aktive S\u00e4nger<\/p>\n\n\n\n<h3 class=\"wp-block-heading\">Repertoire<\/h3>\n\n\n\n<p>Alte und moderne Musik, Pop, Musical, Spirituals<\/p>\n\n\n\n<hr class=\"wp-block-separator has-alpha-channel-opacity\"\/>\n\n\n\n<p class=\"has-small-font-size\"><a href=\"https:\/\/www.aurelia-ilvesheim.de\/blog\/termine\/chorproben\/\" data-type=\"page\" data-id=\"782\">Zu den Terminen und Chorproben<\/a><\/p>\n","protected":false},"excerpt":{"rendered":"<p>Chorleitung Peter Imhof Chorsprecher Gernot Herweh Gegr\u00fcndet in MA-K\u00e4fertal &#8211; GV Flora K\u00e4fertal,nach deren Aufl\u00f6sung seit 2019 beim MGV Aurelia Chormitglieder 29 aktive S\u00e4nger Repertoire Alte und moderne Musik, Pop, Musical, Spirituals Zu den Terminen und Chorproben<\/p>\n","protected":false},"author":2,"featured_media":0,"parent":43,"menu_order":35,"comment_status":"closed","ping_status":"closed","template":"","meta":{"_monsterinsights_skip_tracking":false,"_monsterinsights_sitenote_active":false,"_monsterinsights_sitenote_note":"","_monsterinsights_sitenote_category":0,"ngg_post_thumbnail":0,"footnotes":""},"class_list":["post-2678","page","type-page","status-publish","hentry","nodate","item-wrap"],"_links":{"self":[{"href":"https:\/\/www.aurelia-ilvesheim.de\/blog\/wp-json\/wp\/v2\/pages\/2678","targetHints":{"allow":["GET"]}}],"collection":[{"href":"https:\/\/www.aurelia-ilvesheim.de\/blog\/wp-json\/wp\/v2\/pages"}],"about":[{"href":"https:\/\/www.aurelia-ilvesheim.de\/blog\/wp-json\/wp\/v2\/types\/page"}],"author":[{"embeddable":true,"href":"https:\/\/www.aurelia-ilvesheim.de\/blog\/wp-json\/wp\/v2\/users\/2"}],"replies":[{"embeddable":true,"href":"https:\/\/www.aurelia-ilvesheim.de\/blog\/wp-json\/wp\/v2\/comments?post=2678"}],"version-history":[{"count":2,"href":"https:\/\/www.aurelia-ilvesheim.de\/blog\/wp-json\/wp\/v2\/pages\/2678\/revisions"}],"predecessor-version":[{"id":2684,"href":"https:\/\/www.aurelia-ilvesheim.de\/blog\/wp-json\/wp\/v2\/pages\/2678\/revisions\/2684"}],"up":[{"embeddable":true,"href":"https:\/\/www.aurelia-ilvesheim.de\/blog\/wp-json\/wp\/v2\/pages\/43"}],"wp:attachment":[{"href":"https:\/\/www.aurelia-ilvesheim.de\/blog\/wp-json\/wp\/v2\/media?parent=2678"}],"curies":[{"name":"wp","href":"https:\/\/api.w.org\/{rel}","templated":true}]}}