{"id":107,"date":"2010-05-01T18:10:10","date_gmt":"2010-05-01T16:10:10","guid":{"rendered":"http:\/\/aurelia-ilvesheim.de\/blog\/?page_id=107"},"modified":"2016-12-06T15:55:58","modified_gmt":"2016-12-06T14:55:58","slug":"mitgliedschaft","status":"publish","type":"page","link":"https:\/\/www.aurelia-ilvesheim.de\/blog\/verein\/mitgliedschaft\/","title":{"rendered":"Mitgliedschaft"},"content":{"rendered":"<p><strong>Sie m\u00f6chten bei der AURELIA mitsingen und dabei sein? <\/strong><\/p>\n<p>Wir freuen uns auf Sie! Kommen Sie einfach mal&nbsp; zum Schnuppern in eine Singstunde in unser S\u00e4ngerheim Ilvesheim in der Kanzelbachstrasse!<\/p>\n<p>Oder setzen Sie sich direkt mit uns in Verbindung. Kontaktm\u00f6glichkeiten finden Sie hier auf unserer Homepage.<\/p>\n<p>M\u00f6chten Sie sich direkt anmelden? Unseren Mitgliedsantrag haben wir <a href=\"http:\/\/aurelia-ilvesheim.de\/Mitgliedsantrag_Aurellia_Ilvesheim.pdf\" target=\"_blank\">hier f\u00fcr Sie zum Download<\/a> im <a href=\"http:\/\/www.adobe.com\/de\/products\/acrobat\/readstep2.html\" target=\"_blank\">Adobe Acrobat Reader<\/a>-Format (PDF) bereitgestellt.<\/p>\n<p style=\"text-align: center;\"><a href=\"http:\/\/aurelia-ilvesheim.de\/Mitgliedsantrag_Aurellia_Ilvesheim.pdf\" target=\"_blank\"><img loading=\"lazy\" decoding=\"async\" src=\"https:\/\/lh3.googleusercontent.com\/-UegUrgBSkxY\/V81arjzd39I\/AAAAAAAABP8\/b-AY7nLTHNABpsz01gxid4HutKH4_qzPQCJoC\/w300-h300\/pdf.png\" alt=\"\" height=\"44\" border=\"0\" width=\"44\"\/><\/a><\/p>\n<p style=\"text-align: center;\"><a href=\"http:\/\/aurelia-ilvesheim.de\/Mitgliedsantrag_Aurellia_Ilvesheim.pdf\" target=\"_blank\">Mitgliedsantrag herunterladen<\/a><\/p>\n<p><!-- InstanceEndEditable --><\/p>\n","protected":false},"excerpt":{"rendered":"<p>Sie m\u00f6chten bei der AURELIA mitsingen und dabei sein? Wir freuen uns auf Sie! Kommen Sie einfach mal&nbsp; zum Schnuppern in eine Singstunde in unser S\u00e4ngerheim Ilvesheim in der Kanzelbachstrasse! Oder setzen Sie sich direkt mit uns in Verbindung. Kontaktm\u00f6glichkeiten finden Sie hier auf unserer Homepage. M\u00f6chten Sie sich direkt anmelden? Unseren Mitgliedsantrag haben wir &hellip; <\/p>\n<p><a class=\"more-link btn\" href=\"https:\/\/www.aurelia-ilvesheim.de\/blog\/verein\/mitgliedschaft\/\">Weiterlesen<\/a><\/p>\n","protected":false},"author":1,"featured_media":0,"parent":801,"menu_order":53,"comment_status":"closed","ping_status":"open","template":"","meta":{"_monsterinsights_skip_tracking":false,"_monsterinsights_sitenote_active":false,"_monsterinsights_sitenote_note":"","_monsterinsights_sitenote_category":0,"ngg_post_thumbnail":0,"footnotes":""},"class_list":["post-107","page","type-page","status-publish","hentry","nodate","item-wrap"],"_links":{"self":[{"href":"https:\/\/www.aurelia-ilvesheim.de\/blog\/wp-json\/wp\/v2\/pages\/107","targetHints":{"allow":["GET"]}}],"collection":[{"href":"https:\/\/www.aurelia-ilvesheim.de\/blog\/wp-json\/wp\/v2\/pages"}],"about":[{"href":"https:\/\/www.aurelia-ilvesheim.de\/blog\/wp-json\/wp\/v2\/types\/page"}],"author":[{"embeddable":true,"href":"https:\/\/www.aurelia-ilvesheim.de\/blog\/wp-json\/wp\/v2\/users\/1"}],"replies":[{"embeddable":true,"href":"https:\/\/www.aurelia-ilvesheim.de\/blog\/wp-json\/wp\/v2\/comments?post=107"}],"version-history":[{"count":6,"href":"https:\/\/www.aurelia-ilvesheim.de\/blog\/wp-json\/wp\/v2\/pages\/107\/revisions"}],"predecessor-version":[{"id":2123,"href":"https:\/\/www.aurelia-ilvesheim.de\/blog\/wp-json\/wp\/v2\/pages\/107\/revisions\/2123"}],"up":[{"embeddable":true,"href":"https:\/\/www.aurelia-ilvesheim.de\/blog\/wp-json\/wp\/v2\/pages\/801"}],"wp:attachment":[{"href":"https:\/\/www.aurelia-ilvesheim.de\/blog\/wp-json\/wp\/v2\/media?parent=107"}],"curies":[{"name":"wp","href":"https:\/\/api.w.org\/{rel}","templated":true}]}}