{"id":100,"date":"2010-05-01T17:55:48","date_gmt":"2010-05-01T15:55:48","guid":{"rendered":"http:\/\/aurelia-ilvesheim.de\/blog\/?page_id=100"},"modified":"2012-04-05T13:04:51","modified_gmt":"2012-04-05T11:04:51","slug":"chronik","status":"publish","type":"page","link":"https:\/\/www.aurelia-ilvesheim.de\/blog\/verein\/chronik\/","title":{"rendered":"Chronik"},"content":{"rendered":"<table>\n<tbody>\n<tr>\n<td width=\"130\" align=\"middle\" valign=\"top\">\n<div><strong>13. 12.1883<\/strong><\/div>\n<\/td>\n<td align=\"left\" valign=\"top\">Gr\u00fcndung des MGV Aurelia<br \/>\nDie  1.Singstunde findet im Gasthaus \u201eZum goldenen Hirsch\u201c statt, welches \u00fcber 40  Jahre Probe- und Vereinslokal bleiben sollte.<\/td>\n<\/tr>\n<tr>\n<td width=\"130\" height=\"15\" align=\"middle\"><\/td>\n<td height=\"15\"><\/td>\n<\/tr>\n<tr>\n<td width=\"130\" align=\"middle\" valign=\"top\">\n<div><strong>1899<\/strong><\/div>\n<\/td>\n<td align=\"left\" valign=\"top\">Weihe der ersten Vereinsfahne<\/td>\n<\/tr>\n<tr>\n<td width=\"130\" height=\"15\" align=\"middle\"><\/td>\n<td height=\"15\"><\/td>\n<\/tr>\n<tr>\n<td width=\"130\" align=\"middle\" valign=\"top\">\n<div><strong>1908<\/strong><\/div>\n<\/td>\n<td align=\"left\" valign=\"top\">25j\u00e4hriges Vereinsjubil\u00e4um<\/td>\n<\/tr>\n<tr>\n<td width=\"130\" height=\"15\" align=\"middle\"><\/td>\n<td height=\"15\"><\/td>\n<\/tr>\n<tr>\n<td width=\"130\" align=\"middle\" valign=\"top\">\n<div><strong>1923<\/strong><\/div>\n<\/td>\n<td align=\"left\" valign=\"top\">Gasthaus \u201eZum Schiff\u201c wird neues  Vereinslokal<\/td>\n<\/tr>\n<tr>\n<td width=\"130\" height=\"15\" align=\"middle\"><\/td>\n<td height=\"15\"><\/td>\n<\/tr>\n<tr>\n<td width=\"130\" align=\"middle\" valign=\"top\">\n<div><strong>1933 <\/strong><\/div>\n<\/td>\n<td align=\"left\" valign=\"top\">S\u00e4ngerfest zum 50j\u00e4hrigen Vereinsjubil\u00e4um  mit \u00fcber 1800 teilnehmenden S\u00e4ngern<\/td>\n<\/tr>\n<tr>\n<td width=\"130\" height=\"15\" align=\"middle\"><\/td>\n<td height=\"15\"><\/td>\n<\/tr>\n<tr>\n<td width=\"130\" align=\"middle\" valign=\"top\">\n<div><strong>1958<\/strong><\/div>\n<\/td>\n<td align=\"left\" valign=\"top\">S\u00e4ngerfest zum 75j\u00e4hrigen Vereinsjubil\u00e4um  mit \u00fcber 2000 teilnehmenden S\u00e4ngern<\/td>\n<\/tr>\n<tr>\n<td width=\"130\" height=\"15\" align=\"middle\"><\/td>\n<td height=\"15\"><\/td>\n<\/tr>\n<tr>\n<td width=\"130\" align=\"middle\" valign=\"top\">\n<div><strong>1961 <\/strong><\/div>\n<\/td>\n<td align=\"left\" valign=\"top\">1. S\u00e4ngerreise nach Kufstein und Kaprun  f\u00fchrt<\/td>\n<\/tr>\n<tr>\n<td width=\"130\" height=\"15\" align=\"middle\"><\/td>\n<td height=\"15\"><\/td>\n<\/tr>\n<tr>\n<td width=\"130\" align=\"middle\" valign=\"top\">\n<div><strong>1980 <\/strong><\/div>\n<\/td>\n<td align=\"left\" valign=\"top\">Die Theatergruppe f\u00fchrt erstmals ein  abendf\u00fcllendes Theaterst\u00fcck in der Mehrzweckhalle auf.<\/td>\n<\/tr>\n<tr>\n<td width=\"130\" height=\"15\" align=\"middle\"><\/td>\n<td height=\"15\"><\/td>\n<\/tr>\n<tr>\n<td width=\"130\" align=\"middle\" valign=\"top\">\n<div><strong>1982 <\/strong><\/div>\n<\/td>\n<td align=\"left\" valign=\"top\">Grundsteinlegung des S\u00e4ngerheims<\/td>\n<\/tr>\n<tr>\n<td width=\"130\" height=\"15\" align=\"middle\"><\/td>\n<td height=\"15\"><\/td>\n<\/tr>\n<tr>\n<td width=\"130\" align=\"middle\" valign=\"top\">\n<div><strong>1983 <\/strong><\/div>\n<\/td>\n<td align=\"left\" valign=\"top\">S\u00e4ngerfest zum 100j\u00e4hrigen Vereinsjubil\u00e4um  mit 42 teilnehmenden Vereinen<\/td>\n<\/tr>\n<tr>\n<td width=\"130\" height=\"15\" align=\"middle\"><\/td>\n<td height=\"15\"><\/td>\n<\/tr>\n<tr>\n<td width=\"130\" align=\"middle\" valign=\"top\">\n<div><strong>29.09.1984 <\/strong><\/div>\n<\/td>\n<td align=\"left\" valign=\"top\">Das S\u00e4ngerheim wird seiner Nutzung  zugef\u00fchrt.<\/td>\n<\/tr>\n<tr>\n<td width=\"130\" height=\"15\" align=\"middle\"><\/td>\n<td height=\"15\"><\/td>\n<\/tr>\n<tr>\n<td width=\"130\" align=\"middle\" valign=\"top\">\n<div><strong>27.02.1985 <\/strong><\/div>\n<\/td>\n<td align=\"left\" valign=\"top\">Gr\u00fcndung des Frauenchors<br \/>\n33 S\u00e4ngerinnen  beteiligen sich an der ersten Singstunde, viele von ihnen sind heute noch aktiv  dabei.<\/td>\n<\/tr>\n<tr>\n<td width=\"130\" height=\"15\" align=\"middle\"><\/td>\n<td height=\"15\"><\/td>\n<\/tr>\n<tr>\n<td width=\"130\" align=\"middle\" valign=\"top\">\n<div><strong>1987 <\/strong><\/div>\n<\/td>\n<td align=\"left\" valign=\"top\">Gr\u00fcndung des Kinder- und  Jugendchors<\/td>\n<\/tr>\n<tr>\n<td width=\"130\" height=\"15\" align=\"middle\"><\/td>\n<td height=\"15\"><\/td>\n<\/tr>\n<tr>\n<td width=\"130\" align=\"middle\" valign=\"top\">\n<div><strong>1994<\/strong><\/div>\n<\/td>\n<td align=\"left\" valign=\"top\">Gr\u00fcndung der Happy Singers<\/td>\n<\/tr>\n<tr>\n<td width=\"130\" height=\"15\" align=\"middle\"><\/td>\n<td height=\"15\"><\/td>\n<\/tr>\n<tr>\n<td width=\"130\" align=\"middle\" valign=\"top\">\n<div><strong>09. 10.2002 <\/strong><\/div>\n<\/td>\n<td align=\"left\" valign=\"top\">Gro\u00dfes Solidarit\u00e4tskonzert f\u00fcr die von der  Hochwasserkatastrophe betroffenen Mitglieder des Chors an der Semper-Oper in  Dresden mit unserem befreundeten Verein, M\u00e4nnergesangverein-Liedertafel  Seckenheim. Der Spendenerl\u00f6in H\u00f6he von fast 5000 Euro konnte dem Chor an der  Semper-Oper \u00fcberwiesen werden.<\/td>\n<\/tr>\n<tr>\n<td width=\"130\" height=\"15\" align=\"middle\"><\/td>\n<td height=\"15\"><\/td>\n<\/tr>\n<tr>\n<td width=\"130\" align=\"middle\" valign=\"top\">\n<div><strong>Mai 2003 <\/strong><\/div>\n<\/td>\n<td align=\"left\" valign=\"top\">Das 120j\u00e4hrige Jubil\u00e4um wird im Rahmen  eines Bunten Abends in der Mehrzweckhalle gefeiert.<\/td>\n<\/tr>\n<tr>\n<td width=\"130\" height=\"15\" align=\"middle\"><\/td>\n<td height=\"15\"><\/td>\n<\/tr>\n<tr>\n<td width=\"130\" align=\"middle\" valign=\"top\">\n<div><strong>24.09.2005<\/strong><\/div>\n<\/td>\n<td align=\"left\" valign=\"top\">Konzert anl\u00e4sslich des 20j\u00e4hriges Jubil\u00e4um des Frauenchors in der  evangelischen Kirche<\/td>\n<\/tr>\n<\/tbody>\n<\/table>\n","protected":false},"excerpt":{"rendered":"<p>13. 12.1883 Gr\u00fcndung des MGV Aurelia Die 1.Singstunde findet im Gasthaus \u201eZum goldenen Hirsch\u201c statt, welches \u00fcber 40 Jahre Probe- und Vereinslokal bleiben sollte. 1899 Weihe der ersten Vereinsfahne 1908 25j\u00e4hriges Vereinsjubil\u00e4um 1923 Gasthaus \u201eZum Schiff\u201c wird neues Vereinslokal 1933 S\u00e4ngerfest zum 50j\u00e4hrigen Vereinsjubil\u00e4um mit \u00fcber 1800 teilnehmenden S\u00e4ngern 1958 S\u00e4ngerfest zum 75j\u00e4hrigen Vereinsjubil\u00e4um mit &hellip; <\/p>\n<p><a class=\"more-link btn\" href=\"https:\/\/www.aurelia-ilvesheim.de\/blog\/verein\/chronik\/\">Weiterlesen<\/a><\/p>\n","protected":false},"author":1,"featured_media":0,"parent":801,"menu_order":51,"comment_status":"closed","ping_status":"open","template":"","meta":{"_monsterinsights_skip_tracking":false,"_monsterinsights_sitenote_active":false,"_monsterinsights_sitenote_note":"","_monsterinsights_sitenote_category":0,"ngg_post_thumbnail":0,"footnotes":""},"class_list":["post-100","page","type-page","status-publish","hentry","nodate","item-wrap"],"_links":{"self":[{"href":"https:\/\/www.aurelia-ilvesheim.de\/blog\/wp-json\/wp\/v2\/pages\/100","targetHints":{"allow":["GET"]}}],"collection":[{"href":"https:\/\/www.aurelia-ilvesheim.de\/blog\/wp-json\/wp\/v2\/pages"}],"about":[{"href":"https:\/\/www.aurelia-ilvesheim.de\/blog\/wp-json\/wp\/v2\/types\/page"}],"author":[{"embeddable":true,"href":"https:\/\/www.aurelia-ilvesheim.de\/blog\/wp-json\/wp\/v2\/users\/1"}],"replies":[{"embeddable":true,"href":"https:\/\/www.aurelia-ilvesheim.de\/blog\/wp-json\/wp\/v2\/comments?post=100"}],"version-history":[{"count":4,"href":"https:\/\/www.aurelia-ilvesheim.de\/blog\/wp-json\/wp\/v2\/pages\/100\/revisions"}],"predecessor-version":[{"id":2161,"href":"https:\/\/www.aurelia-ilvesheim.de\/blog\/wp-json\/wp\/v2\/pages\/100\/revisions\/2161"}],"up":[{"embeddable":true,"href":"https:\/\/www.aurelia-ilvesheim.de\/blog\/wp-json\/wp\/v2\/pages\/801"}],"wp:attachment":[{"href":"https:\/\/www.aurelia-ilvesheim.de\/blog\/wp-json\/wp\/v2\/media?parent=100"}],"curies":[{"name":"wp","href":"https:\/\/api.w.org\/{rel}","templated":true}]}}